{"id":2966,"date":"2014-06-30T09:42:44","date_gmt":"2014-06-30T07:42:44","guid":{"rendered":"http:\/\/www.spd-brensbach.de\/?page_id=2966"},"modified":"2025-12-21T09:17:40","modified_gmt":"2025-12-21T08:17:40","slug":"christian-senker","status":"publish","type":"page","link":"https:\/\/www.spd-brensbach.de\/?page_id=2966","title":{"rendered":"Christian Senker"},"content":{"rendered":"\n<p>Christian Senker ist Vorsitzender der Brensbacher SPD und SPD-Fraktionsvorsitzender in der Gemeindevertretung. Der 33-J\u00e4hrige ist in Wersau aufgewachsen und lebt seit 2023 gemeinsam mit seiner Frau wieder in seinem Heimatort. Als Sozialarbeiter arbeitet er hauptberuflich beim AWO Kreisverband Odenwald und ist daneben als Lehrbeauftragter im Studiengang Soziale Arbeit t\u00e4tig.<\/p>\n\n\n\n<p>Als Mitglied in mehreren Vereinen liegt sein ehrenamtlicher Schwerpunkt im Bereich der Kultur und besonders beim Verein KleinKunstKneipe Alte Post in Brensbach. Vereine, Kultur und Sport bringen Menschen zusammen \u2013 gute Rahmenbedingungen f\u00fcr Menschen im Ehrenamt zu schaffen, z\u00e4hlt zu seinen zentralen politischen Anliegen. Dazu geh\u00f6ren Investitionen in R\u00e4ume und Infrastruktur ebenso wie die St\u00e4rkung der Jugendpflege und der Kulturarbeit.<\/p>\n\n\n\n<p>In seiner Freizeit wandert Christian gern, arbeitet im Garten oder reist mit seiner Frau. Sein Lieblingsort in der Gemeinde ist der Wersauer Wald, sein ganz pers\u00f6nliches Naherholungsgebiet.<\/p>\n\n\n\n<p>\u201eGemeinschaft entsteht dort, wo Menschen gute Rahmenbedingungen vorfinden und Verantwortung f\u00fcreinander \u00fcbernehmen.\u201c<\/p>\n","protected":false},"excerpt":{"rendered":"<p>Christian Senker ist Vorsitzender der Brensbacher SPD und SPD-Fraktionsvorsitzender in der Gemeindevertretung. Der 33-J\u00e4hrige ist in Wersau aufgewachsen und lebt seit 2023 gemeinsam mit seiner Frau wieder in seinem Heimatort. Als Sozialarbeiter arbeitet er hauptberuflich beim AWO Kreisverband Odenwald und ist daneben als Lehrbeauftragter im Studiengang Soziale Arbeit t\u00e4tig. Als Mitglied in mehreren Vereinen liegt &hellip; <a href=\"https:\/\/www.spd-brensbach.de\/?page_id=2966\" class=\"more-link\"><span class=\"screen-reader-text\">Christian Senker<\/span> weiterlesen <span class=\"meta-nav\">&rarr;<\/span><\/a><\/p>\n","protected":false},"author":2,"featured_media":6146,"parent":0,"menu_order":0,"comment_status":"closed","ping_status":"closed","template":"","meta":{"footnotes":""},"class_list":["post-2966","page","type-page","status-publish","has-post-thumbnail","hentry"],"_links":{"self":[{"href":"https:\/\/www.spd-brensbach.de\/index.php?rest_route=\/wp\/v2\/pages\/2966","targetHints":{"allow":["GET"]}}],"collection":[{"href":"https:\/\/www.spd-brensbach.de\/index.php?rest_route=\/wp\/v2\/pages"}],"about":[{"href":"https:\/\/www.spd-brensbach.de\/index.php?rest_route=\/wp\/v2\/types\/page"}],"author":[{"embeddable":true,"href":"https:\/\/www.spd-brensbach.de\/index.php?rest_route=\/wp\/v2\/users\/2"}],"replies":[{"embeddable":true,"href":"https:\/\/www.spd-brensbach.de\/index.php?rest_route=%2Fwp%2Fv2%2Fcomments&post=2966"}],"version-history":[{"count":15,"href":"https:\/\/www.spd-brensbach.de\/index.php?rest_route=\/wp\/v2\/pages\/2966\/revisions"}],"predecessor-version":[{"id":6299,"href":"https:\/\/www.spd-brensbach.de\/index.php?rest_route=\/wp\/v2\/pages\/2966\/revisions\/6299"}],"wp:featuredmedia":[{"embeddable":true,"href":"https:\/\/www.spd-brensbach.de\/index.php?rest_route=\/wp\/v2\/media\/6146"}],"wp:attachment":[{"href":"https:\/\/www.spd-brensbach.de\/index.php?rest_route=%2Fwp%2Fv2%2Fmedia&parent=2966"}],"curies":[{"name":"wp","href":"https:\/\/api.w.org\/{rel}","templated":true}]}}