{"id":3555,"date":"2016-01-29T20:42:24","date_gmt":"2016-01-29T18:42:24","guid":{"rendered":"http:\/\/www.spd-brensbach.de\/?page_id=3555"},"modified":"2025-12-21T09:29:47","modified_gmt":"2025-12-21T08:29:47","slug":"wilfried-kessler","status":"publish","type":"page","link":"https:\/\/www.spd-brensbach.de\/?page_id=3555","title":{"rendered":"Wilfried Ke\u00dfler"},"content":{"rendered":"\n<p>Wilfried Ke\u00dfler lebt mit seiner Frau in Brensbach. Der Rentner blickt auf ein vielseitiges Arbeitsleben zur\u00fcck. Er war B\u00e4ckerhandwerksmeister, Chemikant und Kl\u00e4rw\u00e4rter.<\/p>\n\n\n\n<p>Kommunalpolitisch langj\u00e4hrig engagierte er sich im Ortsbeirat Brensbach von 2001 bis 2021. Ehrenamtlich ist er im Kirchenvorstand aktiv, unterst\u00fctzt das Verschwisterungskomitee und wirkt in der Weihnachtsdorf-Dekogruppe mit.<\/p>\n\n\n\n<p>Sein Schwerpunkt liegt auf der Gestaltung des Ortsbildes. Im menschlichen Miteinander sind ihm faire und sachliche Gespr\u00e4che wichtig.<\/p>\n\n\n\n<p>Sein Lieblingsort ist der Vogelherd, von dem aus man die Sch\u00f6nheit der Umgebung besonders gut genie\u00dfen kann.<\/p>\n\n\n\n<p>Dar\u00fcber hinaus setzt er sich f\u00fcr die F\u00f6rderung und Erhaltung kultureller Einrichtungen wie das Bannoser Theater, die Alte Post und die Wanderwege ein.<\/p>\n\n\n\n<p>\u201eBeim Weihnachtsdorf und den anderen Festen zeigt Brensbach, was wirklich in ihm steckt \u2013 Gemeinschaft, Herz und ein bisschen Zauber f\u00fcr Gro\u00df und Klein.\u201c<\/p>\n","protected":false},"excerpt":{"rendered":"<p>Wilfried Ke\u00dfler lebt mit seiner Frau in Brensbach. Der Rentner blickt auf ein vielseitiges Arbeitsleben zur\u00fcck. Er war B\u00e4ckerhandwerksmeister, Chemikant und Kl\u00e4rw\u00e4rter. Kommunalpolitisch langj\u00e4hrig engagierte er sich im Ortsbeirat Brensbach von 2001 bis 2021. Ehrenamtlich ist er im Kirchenvorstand aktiv, unterst\u00fctzt das Verschwisterungskomitee und wirkt in der Weihnachtsdorf-Dekogruppe mit. Sein Schwerpunkt liegt auf der Gestaltung &hellip; <a href=\"https:\/\/www.spd-brensbach.de\/?page_id=3555\" class=\"more-link\"><span class=\"screen-reader-text\">Wilfried Ke\u00dfler<\/span> weiterlesen <span class=\"meta-nav\">&rarr;<\/span><\/a><\/p>\n","protected":false},"author":2,"featured_media":6232,"parent":0,"menu_order":0,"comment_status":"closed","ping_status":"closed","template":"","meta":{"footnotes":""},"class_list":["post-3555","page","type-page","status-publish","has-post-thumbnail","hentry"],"_links":{"self":[{"href":"https:\/\/www.spd-brensbach.de\/index.php?rest_route=\/wp\/v2\/pages\/3555","targetHints":{"allow":["GET"]}}],"collection":[{"href":"https:\/\/www.spd-brensbach.de\/index.php?rest_route=\/wp\/v2\/pages"}],"about":[{"href":"https:\/\/www.spd-brensbach.de\/index.php?rest_route=\/wp\/v2\/types\/page"}],"author":[{"embeddable":true,"href":"https:\/\/www.spd-brensbach.de\/index.php?rest_route=\/wp\/v2\/users\/2"}],"replies":[{"embeddable":true,"href":"https:\/\/www.spd-brensbach.de\/index.php?rest_route=%2Fwp%2Fv2%2Fcomments&post=3555"}],"version-history":[{"count":6,"href":"https:\/\/www.spd-brensbach.de\/index.php?rest_route=\/wp\/v2\/pages\/3555\/revisions"}],"predecessor-version":[{"id":6312,"href":"https:\/\/www.spd-brensbach.de\/index.php?rest_route=\/wp\/v2\/pages\/3555\/revisions\/6312"}],"wp:featuredmedia":[{"embeddable":true,"href":"https:\/\/www.spd-brensbach.de\/index.php?rest_route=\/wp\/v2\/media\/6232"}],"wp:attachment":[{"href":"https:\/\/www.spd-brensbach.de\/index.php?rest_route=%2Fwp%2Fv2%2Fmedia&parent=3555"}],"curies":[{"name":"wp","href":"https:\/\/api.w.org\/{rel}","templated":true}]}}