{"id":46,"date":"2008-03-31T09:16:01","date_gmt":"2008-03-31T08:16:01","guid":{"rendered":"http:\/\/www.spd-brensbach.de\/?page_id=46"},"modified":"2021-12-01T18:51:26","modified_gmt":"2021-12-01T16:51:26","slug":"kontakt","status":"publish","type":"page","link":"https:\/\/www.spd-brensbach.de\/?page_id=46","title":{"rendered":"Schreiben Sie uns"},"content":{"rendered":"<p>Wenn Sie Fragen, Anregungen oder Kritik haben, freuen wir uns auf Ihre E-Mail. F\u00fcllen Sie dazu bitte die folgenden Felder aus und klicken Sie anschlie\u00dfend auf &#8222;Senden&#8220;.<\/p>\n<p><strong>Datenschutz-Hinweis:<\/strong><br \/>\nF\u00fcr Ihre Kontaktaufnahme \u00fcber unsere angegebenen Kontaktdaten (E-Mail, Postadresse) gilt hinsichtlich des Datenschutzes, der Verarbeitung, Speicherung und ggf. Widerspruch unsere <a href=\"https:\/\/www.spd-brensbach.de\/?page_id=18\">Datenschutzerkl\u00e4rung<\/a>.<\/p>\n\n<div class=\"wpcf7 no-js\" id=\"wpcf7-f1894-o1\" lang=\"de-DE\" dir=\"ltr\" data-wpcf7-id=\"1894\">\n<div class=\"screen-reader-response\"><p role=\"status\" aria-live=\"polite\" aria-atomic=\"true\"><\/p> <ul><\/ul><\/div>\n<form action=\"\/index.php?rest_route=%2Fwp%2Fv2%2Fpages%2F46#wpcf7-f1894-o1\" method=\"post\" class=\"wpcf7-form init\" aria-label=\"Kontaktformular\" novalidate=\"novalidate\" data-status=\"init\">\n<fieldset class=\"hidden-fields-container\"><input type=\"hidden\" name=\"_wpcf7\" value=\"1894\" \/><input type=\"hidden\" name=\"_wpcf7_version\" value=\"6.1.5\" \/><input type=\"hidden\" name=\"_wpcf7_locale\" value=\"de_DE\" \/><input type=\"hidden\" name=\"_wpcf7_unit_tag\" value=\"wpcf7-f1894-o1\" \/><input type=\"hidden\" name=\"_wpcf7_container_post\" value=\"0\" \/><input type=\"hidden\" name=\"_wpcf7_posted_data_hash\" value=\"\" \/>\n<\/fieldset>\n<p>Ihr Name (Pflichtfeld):<br \/>\n<span class=\"wpcf7-form-control-wrap\" data-name=\"your-name\"><input size=\"40\" maxlength=\"400\" class=\"wpcf7-form-control wpcf7-text wpcf7-validates-as-required\" aria-required=\"true\" aria-invalid=\"false\" value=\"\" type=\"text\" name=\"your-name\" \/><\/span>\n<\/p>\n<p>Ihre E-Mail-Adresse (Pflichtfeld):<br \/>\n<span class=\"wpcf7-form-control-wrap\" data-name=\"your-email\"><input size=\"40\" maxlength=\"400\" class=\"wpcf7-form-control wpcf7-email wpcf7-validates-as-required wpcf7-text wpcf7-validates-as-email\" aria-required=\"true\" aria-invalid=\"false\" value=\"\" type=\"email\" name=\"your-email\" \/><\/span>\n<\/p>\n<p>Betreff:<br \/>\n<span class=\"wpcf7-form-control-wrap\" data-name=\"your-subject\"><input size=\"40\" maxlength=\"400\" class=\"wpcf7-form-control wpcf7-text\" aria-invalid=\"false\" value=\"\" type=\"text\" name=\"your-subject\" \/><\/span>\n<\/p>\n<p>Ihre Nachricht:<br \/>\n<span class=\"wpcf7-form-control-wrap\" data-name=\"your-message\"><textarea cols=\"40\" rows=\"10\" maxlength=\"2000\" class=\"wpcf7-form-control wpcf7-textarea\" aria-invalid=\"false\" name=\"your-message\"><\/textarea><\/span>\n<\/p>\n<p><span id=\"wpcf7-69ef58e50db4b-wrapper\" class=\"wpcf7-form-control-wrap reqFirstName-wrap\" style=\"display:none !important; visibility:hidden !important;\"><input type=\"hidden\" name=\"reqFirstName-time-start\" value=\"1777293541\"><input type=\"hidden\" name=\"reqFirstName-time-check\" value=\"6\"><label for=\"wpcf7-69ef58e50db4b-field\" class=\"hp-message\">Bitte lasse dieses Feld leer.<\/label><input id=\"wpcf7-69ef58e50db4b-field\"  class=\"wpcf7-form-control wpcf7-text\" type=\"text\" name=\"reqFirstName\" value=\"\" size=\"40\" tabindex=\"-1\" autocomplete=\"new-password\" \/><\/span><span id=\"wpcf7-69ef58e50db78-wrapper\" class=\"wpcf7-form-control-wrap reqLastName-wrap\" style=\"display:none !important; visibility:hidden !important;\"><input type=\"hidden\" name=\"reqLastName-time-start\" value=\"1777293541\"><input type=\"hidden\" name=\"reqLastName-time-check\" value=\"6\"><label for=\"wpcf7-69ef58e50db78-field\" class=\"hp-message\">Bitte lasse dieses Feld leer.<\/label><input id=\"wpcf7-69ef58e50db78-field\"  class=\"wpcf7-form-control wpcf7-text\" type=\"text\" name=\"reqLastName\" value=\"\" size=\"40\" tabindex=\"-1\" autocomplete=\"new-password\" \/><\/span>\n<\/p>\n<p>Sicherheitsabfrage:<br \/>\n<input type=\"hidden\" name=\"_wpcf7_captcha_challenge_captcha-3672\" value=\"649460381\" \/><img loading=\"lazy\" decoding=\"async\" class=\"wpcf7-form-control wpcf7-captchac wpcf7-captcha-captcha-3672\" width=\"72\" height=\"24\" alt=\"captcha\" src=\"https:\/\/www.spd-brensbach.de\/wp-content\/uploads\/wpcf7_captcha\/649460381.png\" \/><br \/>\nGeben Sie den angezeigten Text bitte hier ein:<br \/>\n<span class=\"wpcf7-form-control-wrap\" data-name=\"captcha-3672\"><input size=\"40\" class=\"wpcf7-form-control wpcf7-captchar\" autocomplete=\"off\" aria-invalid=\"false\" value=\"\" type=\"text\" name=\"captcha-3672\" \/><\/span>\n<\/p>\n<p><input class=\"wpcf7-form-control wpcf7-submit has-spinner\" type=\"submit\" value=\"Senden\" \/>\n<\/p><div class=\"wpcf7-response-output\" aria-hidden=\"true\"><\/div>\n<\/form>\n<\/div>\n\n","protected":false},"excerpt":{"rendered":"<p>Wenn Sie Fragen, Anregungen oder Kritik haben, freuen wir uns auf Ihre E-Mail. F\u00fcllen Sie dazu bitte die folgenden Felder aus und klicken Sie anschlie\u00dfend auf &#8222;Senden&#8220;. Datenschutz-Hinweis: F\u00fcr Ihre Kontaktaufnahme \u00fcber unsere angegebenen Kontaktdaten (E-Mail, Postadresse) gilt hinsichtlich des Datenschutzes, der Verarbeitung, Speicherung und ggf. Widerspruch unsere Datenschutzerkl\u00e4rung.<\/p>\n","protected":false},"author":2,"featured_media":2768,"parent":0,"menu_order":9000,"comment_status":"closed","ping_status":"closed","template":"","meta":{"footnotes":""},"class_list":["post-46","page","type-page","status-publish","has-post-thumbnail","hentry"],"_links":{"self":[{"href":"https:\/\/www.spd-brensbach.de\/index.php?rest_route=\/wp\/v2\/pages\/46","targetHints":{"allow":["GET"]}}],"collection":[{"href":"https:\/\/www.spd-brensbach.de\/index.php?rest_route=\/wp\/v2\/pages"}],"about":[{"href":"https:\/\/www.spd-brensbach.de\/index.php?rest_route=\/wp\/v2\/types\/page"}],"author":[{"embeddable":true,"href":"https:\/\/www.spd-brensbach.de\/index.php?rest_route=\/wp\/v2\/users\/2"}],"replies":[{"embeddable":true,"href":"https:\/\/www.spd-brensbach.de\/index.php?rest_route=%2Fwp%2Fv2%2Fcomments&post=46"}],"version-history":[{"count":10,"href":"https:\/\/www.spd-brensbach.de\/index.php?rest_route=\/wp\/v2\/pages\/46\/revisions"}],"predecessor-version":[{"id":5413,"href":"https:\/\/www.spd-brensbach.de\/index.php?rest_route=\/wp\/v2\/pages\/46\/revisions\/5413"}],"wp:featuredmedia":[{"embeddable":true,"href":"https:\/\/www.spd-brensbach.de\/index.php?rest_route=\/wp\/v2\/media\/2768"}],"wp:attachment":[{"href":"https:\/\/www.spd-brensbach.de\/index.php?rest_route=%2Fwp%2Fv2%2Fmedia&parent=46"}],"curies":[{"name":"wp","href":"https:\/\/api.w.org\/{rel}","templated":true}]}}