{"id":507,"date":"2011-01-15T17:40:39","date_gmt":"2011-01-15T15:40:39","guid":{"rendered":"http:\/\/www.spd-brensbach.de\/?page_id=507"},"modified":"2026-04-17T11:01:08","modified_gmt":"2026-04-17T09:01:08","slug":"vorstand","status":"publish","type":"page","link":"https:\/\/www.spd-brensbach.de\/?page_id=507","title":{"rendered":"Vorstand"},"content":{"rendered":"\n<p>Der Vorstand des SPD Ortsvereins Brensbach setzt sich aus folgenden Personen zusammen:<\/p>\n\n\n\n<div class=\"wp-block-media-text alignwide is-stacked-on-mobile is-vertically-aligned-bottom\" style=\"grid-template-columns:43% auto\"><figure class=\"wp-block-media-text__media\"><img loading=\"lazy\" decoding=\"async\" width=\"900\" height=\"900\" src=\"https:\/\/www.spd-brensbach.de\/wp-content\/uploads\/2020\/11\/senker_christian_2020-11-16.jpg\" alt=\"\" class=\"wp-image-5019 size-full\" srcset=\"https:\/\/www.spd-brensbach.de\/wp-content\/uploads\/2020\/11\/senker_christian_2020-11-16.jpg 900w, https:\/\/www.spd-brensbach.de\/wp-content\/uploads\/2020\/11\/senker_christian_2020-11-16-768x768.jpg 768w\" sizes=\"auto, (max-width: 900px) 100vw, 900px\" \/><\/figure><div class=\"wp-block-media-text__content\">\n<p><\/p>\n\n\n\n<p><strong>Christian Senker<\/strong><br>Brensbach<\/p>\n\n\n\n<p>Vorsitzender<\/p>\n<\/div><\/div>\n\n\n\n<div class=\"wp-block-media-text alignwide is-stacked-on-mobile is-vertically-aligned-bottom\" style=\"grid-template-columns:43% auto\"><figure class=\"wp-block-media-text__media\"><img loading=\"lazy\" decoding=\"async\" width=\"900\" height=\"900\" src=\"https:\/\/www.spd-brensbach.de\/wp-content\/uploads\/2020\/11\/rug_manuel_2020-11-16.jpg\" alt=\"\" class=\"wp-image-5094 size-full\" srcset=\"https:\/\/www.spd-brensbach.de\/wp-content\/uploads\/2020\/11\/rug_manuel_2020-11-16.jpg 900w, https:\/\/www.spd-brensbach.de\/wp-content\/uploads\/2020\/11\/rug_manuel_2020-11-16-768x768.jpg 768w\" sizes=\"auto, (max-width: 900px) 100vw, 900px\" \/><\/figure><div class=\"wp-block-media-text__content\">\n<p><\/p>\n\n\n\n<p><strong>Manuel Rug<\/strong><br>Brensbach<\/p>\n\n\n\n<p>Stellv. Vorsitzender<\/p>\n<\/div><\/div>\n\n\n\n<div class=\"wp-block-media-text alignwide is-stacked-on-mobile is-vertically-aligned-bottom\" style=\"grid-template-columns:43% auto\"><figure class=\"wp-block-media-text__media\"><img loading=\"lazy\" decoding=\"async\" width=\"900\" height=\"900\" src=\"https:\/\/www.spd-brensbach.de\/wp-content\/uploads\/2020\/11\/maurer_sonja_2020-11-16.jpg\" alt=\"\" class=\"wp-image-5023 size-full\" srcset=\"https:\/\/www.spd-brensbach.de\/wp-content\/uploads\/2020\/11\/maurer_sonja_2020-11-16.jpg 900w, https:\/\/www.spd-brensbach.de\/wp-content\/uploads\/2020\/11\/maurer_sonja_2020-11-16-768x768.jpg 768w\" sizes=\"auto, (max-width: 900px) 100vw, 900px\" \/><\/figure><div class=\"wp-block-media-text__content\">\n<p><\/p>\n\n\n\n<p><strong>Sonja Maurer<\/strong><br>Wersau<\/p>\n\n\n\n<p>Rechnerin<\/p>\n<\/div><\/div>\n\n\n\n<div class=\"wp-block-media-text alignwide is-stacked-on-mobile is-vertically-aligned-bottom\" style=\"grid-template-columns:43% auto\"><figure class=\"wp-block-media-text__media\"><img loading=\"lazy\" decoding=\"async\" width=\"900\" height=\"900\" src=\"https:\/\/www.spd-brensbach.de\/wp-content\/uploads\/2021\/02\/thriesethau_maria_2020-11-15.jpg\" alt=\"\" class=\"wp-image-5293 size-full\" srcset=\"https:\/\/www.spd-brensbach.de\/wp-content\/uploads\/2021\/02\/thriesethau_maria_2020-11-15.jpg 900w, https:\/\/www.spd-brensbach.de\/wp-content\/uploads\/2021\/02\/thriesethau_maria_2020-11-15-768x768.jpg 768w\" sizes=\"auto, (max-width: 900px) 100vw, 900px\" \/><\/figure><div class=\"wp-block-media-text__content\">\n<p><\/p>\n\n\n\n<p><strong>Maria Triesethau<\/strong><br>Wersau<\/p>\n\n\n\n<p>Schriftf\u00fchrerin<\/p>\n<\/div><\/div>\n\n\n\n<div class=\"wp-block-media-text alignwide is-stacked-on-mobile is-vertically-aligned-bottom\" style=\"grid-template-columns:43% auto\"><figure class=\"wp-block-media-text__media\"><img loading=\"lazy\" decoding=\"async\" width=\"900\" height=\"900\" src=\"https:\/\/www.spd-brensbach.de\/wp-content\/uploads\/2020\/11\/mueller_folke_2020-11-16.jpg\" alt=\"\" class=\"wp-image-5051 size-full\" srcset=\"https:\/\/www.spd-brensbach.de\/wp-content\/uploads\/2020\/11\/mueller_folke_2020-11-16.jpg 900w, https:\/\/www.spd-brensbach.de\/wp-content\/uploads\/2020\/11\/mueller_folke_2020-11-16-768x768.jpg 768w\" sizes=\"auto, (max-width: 900px) 100vw, 900px\" \/><\/figure><div class=\"wp-block-media-text__content\">\n<p><\/p>\n\n\n\n<p><strong>Folke M\u00fcller<\/strong><br>H\u00f6llerbach<\/p>\n\n\n\n<p>Beisitzer<\/p>\n<\/div><\/div>\n\n\n\n<div class=\"wp-block-media-text alignwide is-stacked-on-mobile is-vertically-aligned-bottom\" style=\"grid-template-columns:43% auto\"><figure class=\"wp-block-media-text__media\"><img loading=\"lazy\" decoding=\"async\" width=\"900\" height=\"900\" src=\"https:\/\/www.spd-brensbach.de\/wp-content\/uploads\/2021\/02\/mueller_rainer__2020-11-29.jpg\" alt=\"\" class=\"wp-image-5294 size-full\" srcset=\"https:\/\/www.spd-brensbach.de\/wp-content\/uploads\/2021\/02\/mueller_rainer__2020-11-29.jpg 900w, https:\/\/www.spd-brensbach.de\/wp-content\/uploads\/2021\/02\/mueller_rainer__2020-11-29-768x768.jpg 768w\" sizes=\"auto, (max-width: 900px) 100vw, 900px\" \/><\/figure><div class=\"wp-block-media-text__content\">\n<p><\/p>\n\n\n\n<p><strong>Rainer M\u00fcller<\/strong><br>Brensbach<\/p>\n\n\n\n<p>Beisitzer<\/p>\n<\/div><\/div>\n\n\n\n<div class=\"wp-block-media-text alignwide is-stacked-on-mobile is-vertically-aligned-bottom\" style=\"grid-template-columns:43% auto\"><figure class=\"wp-block-media-text__media\"><img loading=\"lazy\" decoding=\"async\" width=\"900\" height=\"900\" src=\"https:\/\/www.spd-brensbach.de\/wp-content\/uploads\/2020\/11\/voelker_sigrid_2020-11-16.jpg\" alt=\"\" class=\"wp-image-5066 size-full\" srcset=\"https:\/\/www.spd-brensbach.de\/wp-content\/uploads\/2020\/11\/voelker_sigrid_2020-11-16.jpg 900w, https:\/\/www.spd-brensbach.de\/wp-content\/uploads\/2020\/11\/voelker_sigrid_2020-11-16-768x768.jpg 768w\" sizes=\"auto, (max-width: 900px) 100vw, 900px\" \/><\/figure><div class=\"wp-block-media-text__content\">\n<p><\/p>\n\n\n\n<p><strong>Sigrid V\u00f6lker<\/strong><br>Wersau<\/p>\n\n\n\n<p>Beisitzerin<\/p>\n<\/div><\/div>\n","protected":false},"excerpt":{"rendered":"<p>Der Vorstand des SPD Ortsvereins Brensbach setzt sich aus folgenden Personen zusammen: Christian SenkerBrensbach Vorsitzender Manuel RugBrensbach Stellv. Vorsitzender Sonja MaurerWersau Rechnerin Maria TriesethauWersau Schriftf\u00fchrerin Folke M\u00fcllerH\u00f6llerbach Beisitzer Rainer M\u00fcllerBrensbach Beisitzer Sigrid V\u00f6lkerWersau Beisitzerin<\/p>\n","protected":false},"author":2,"featured_media":6504,"parent":0,"menu_order":0,"comment_status":"closed","ping_status":"open","template":"","meta":{"footnotes":""},"class_list":["post-507","page","type-page","status-publish","has-post-thumbnail","hentry"],"_links":{"self":[{"href":"https:\/\/www.spd-brensbach.de\/index.php?rest_route=\/wp\/v2\/pages\/507","targetHints":{"allow":["GET"]}}],"collection":[{"href":"https:\/\/www.spd-brensbach.de\/index.php?rest_route=\/wp\/v2\/pages"}],"about":[{"href":"https:\/\/www.spd-brensbach.de\/index.php?rest_route=\/wp\/v2\/types\/page"}],"author":[{"embeddable":true,"href":"https:\/\/www.spd-brensbach.de\/index.php?rest_route=\/wp\/v2\/users\/2"}],"replies":[{"embeddable":true,"href":"https:\/\/www.spd-brensbach.de\/index.php?rest_route=%2Fwp%2Fv2%2Fcomments&post=507"}],"version-history":[{"count":41,"href":"https:\/\/www.spd-brensbach.de\/index.php?rest_route=\/wp\/v2\/pages\/507\/revisions"}],"predecessor-version":[{"id":6419,"href":"https:\/\/www.spd-brensbach.de\/index.php?rest_route=\/wp\/v2\/pages\/507\/revisions\/6419"}],"wp:featuredmedia":[{"embeddable":true,"href":"https:\/\/www.spd-brensbach.de\/index.php?rest_route=\/wp\/v2\/media\/6504"}],"wp:attachment":[{"href":"https:\/\/www.spd-brensbach.de\/index.php?rest_route=%2Fwp%2Fv2%2Fmedia&parent=507"}],"curies":[{"name":"wp","href":"https:\/\/api.w.org\/{rel}","templated":true}]}}