{"id":5100,"date":"2020-12-14T09:25:00","date_gmt":"2020-12-14T08:25:00","guid":{"rendered":"https:\/\/www.spd-brensbach.de\/?page_id=5100"},"modified":"2025-12-20T18:38:55","modified_gmt":"2025-12-20T17:38:55","slug":"nina-pohl","status":"publish","type":"page","link":"https:\/\/www.spd-brensbach.de\/?page_id=5100","title":{"rendered":"Nina Pohl"},"content":{"rendered":"\n<p>Nina Pohl ist staatlich anerkannte Erzieherin und lebt mit ihrer Familie im Ortsteil H\u00f6llerbach. Die selbstst\u00e4ndig Arbeitende ist verheiratet und Mutter von drei Kindern. Seit M\u00e4rz 2024 ist sie Mitglied der Gemeindevertretung.<\/p>\n\n\n\n<p>Als Schiedsfrau engagiert sie sich ehrenamtlich in der Gemeinde. Ihr politisches Herz schl\u00e4gt besonders f\u00fcr die St\u00e4rkung von Frauen in der Lebensmitte \u2013 einer Lebensphase, die viel Erfahrung, Wandel und Kraft mit sich bringt und oft zu wenig Beachtung findet. Es ist ihr wichtig, dass Frauen in dieser Zeit gesehen und unterst\u00fctzt werden.<\/p>\n\n\n\n<p>Im Miteinander legt Nina gro\u00dfen Wert auf gegenseitige Achtung und R\u00fccksichtnahme.<\/p>\n\n\n\n<p>In ihrer Freizeit reist sie gern, strickt und liest. Ihr Lieblingsort ist die H\u00f6he in H\u00f6llerbach, von der sie den weiten Blick \u00fcber H\u00fcgel und W\u00e4lder genie\u00dft \u2013 ein Ort, der ihr Ruhe und Dankbarkeit schenkt.<\/p>\n\n\n\n<p>\u201eIch will Gemeindepolitik transparenter machen und verst\u00e4ndlich zeigen, was geleistet wird, wof\u00fcr Geld da ist und wo Grenzen liegen.\u201c<\/p>\n","protected":false},"excerpt":{"rendered":"<p>Nina Pohl ist staatlich anerkannte Erzieherin und lebt mit ihrer Familie im Ortsteil H\u00f6llerbach. Die selbstst\u00e4ndig Arbeitende ist verheiratet und Mutter von drei Kindern. Seit M\u00e4rz 2024 ist sie Mitglied der Gemeindevertretung. Als Schiedsfrau engagiert sie sich ehrenamtlich in der Gemeinde. Ihr politisches Herz schl\u00e4gt besonders f\u00fcr die St\u00e4rkung von Frauen in der Lebensmitte \u2013 &hellip; <a href=\"https:\/\/www.spd-brensbach.de\/?page_id=5100\" class=\"more-link\"><span class=\"screen-reader-text\">Nina Pohl<\/span> weiterlesen <span class=\"meta-nav\">&rarr;<\/span><\/a><\/p>\n","protected":false},"author":2,"featured_media":6292,"parent":0,"menu_order":0,"comment_status":"closed","ping_status":"closed","template":"","meta":{"footnotes":""},"class_list":["post-5100","page","type-page","status-publish","has-post-thumbnail","hentry"],"_links":{"self":[{"href":"https:\/\/www.spd-brensbach.de\/index.php?rest_route=\/wp\/v2\/pages\/5100","targetHints":{"allow":["GET"]}}],"collection":[{"href":"https:\/\/www.spd-brensbach.de\/index.php?rest_route=\/wp\/v2\/pages"}],"about":[{"href":"https:\/\/www.spd-brensbach.de\/index.php?rest_route=\/wp\/v2\/types\/page"}],"author":[{"embeddable":true,"href":"https:\/\/www.spd-brensbach.de\/index.php?rest_route=\/wp\/v2\/users\/2"}],"replies":[{"embeddable":true,"href":"https:\/\/www.spd-brensbach.de\/index.php?rest_route=%2Fwp%2Fv2%2Fcomments&post=5100"}],"version-history":[{"count":4,"href":"https:\/\/www.spd-brensbach.de\/index.php?rest_route=\/wp\/v2\/pages\/5100\/revisions"}],"predecessor-version":[{"id":6222,"href":"https:\/\/www.spd-brensbach.de\/index.php?rest_route=\/wp\/v2\/pages\/5100\/revisions\/6222"}],"wp:featuredmedia":[{"embeddable":true,"href":"https:\/\/www.spd-brensbach.de\/index.php?rest_route=\/wp\/v2\/media\/6292"}],"wp:attachment":[{"href":"https:\/\/www.spd-brensbach.de\/index.php?rest_route=%2Fwp%2Fv2%2Fmedia&parent=5100"}],"curies":[{"name":"wp","href":"https:\/\/api.w.org\/{rel}","templated":true}]}}