{"id":5150,"date":"2020-12-14T09:24:08","date_gmt":"2020-12-14T08:24:08","guid":{"rendered":"https:\/\/www.spd-brensbach.de\/?page_id=5150"},"modified":"2025-12-21T09:20:12","modified_gmt":"2025-12-21T08:20:12","slug":"gordon-bock","status":"publish","type":"page","link":"https:\/\/www.spd-brensbach.de\/?page_id=5150","title":{"rendered":"Gordon Bock"},"content":{"rendered":"\n<p>Gordon Bock, Jahrgang 1982, lebt mit seiner Frau und einer Tochter im Grundschulalter im Ortsteil Brensbach. Der Hausmann und G\u00e4rtner ist in der Gemeinde f\u00fcr sein Engagement im nachhaltigen Gem\u00fcseanbau bekannt. Er ist Mitglied im Ausschuss f\u00fcr Bauen, Umwelt und Landwirtschaft und wurde im Dezember 2025 zum Vorsitzenden der Gemeindevertretung gew\u00e4hlt.<\/p>\n\n\n\n<p>Herzensthema des Biologen ist der Aufbau einer solidarischen Landwirtschaft sowie die Umweltbildung in der Gemeinde. Er ist aktiv im Verein Arbeitsgemeinschaft Natur- und Umweltbildung (ANU e.V.).<\/p>\n\n\n\n<p>Neben seinem Einsatz f\u00fcr Nachhaltigkeit und Naturschutz ist ihm die F\u00f6rderung des kulturellen Lebens in Brensbach wichtig. In der Kommunalpolitik setzt er sich f\u00fcr eine offene und solidarische Gemeinschaft ein. Seinen Ausgleich findet er unter anderem als Mitglied der SSV Brensbach.<\/p>\n\n\n\n<p>\u201eBrensbach ist bunt und lebenswert. Ich finde es gro\u00dfartig, dass hier so viele kreative und kulturbegeisterte Menschen leben. Diese Gemeinschaft macht unsere Gemeinde wirklich besonders.\u201c<\/p>\n","protected":false},"excerpt":{"rendered":"<p>Gordon Bock, Jahrgang 1982, lebt mit seiner Frau und einer Tochter im Grundschulalter im Ortsteil Brensbach. Der Hausmann und G\u00e4rtner ist in der Gemeinde f\u00fcr sein Engagement im nachhaltigen Gem\u00fcseanbau bekannt. Er ist Mitglied im Ausschuss f\u00fcr Bauen, Umwelt und Landwirtschaft und wurde im Dezember 2025 zum Vorsitzenden der Gemeindevertretung gew\u00e4hlt. Herzensthema des Biologen ist &hellip; <a href=\"https:\/\/www.spd-brensbach.de\/?page_id=5150\" class=\"more-link\"><span class=\"screen-reader-text\">Gordon Bock<\/span> weiterlesen <span class=\"meta-nav\">&rarr;<\/span><\/a><\/p>\n","protected":false},"author":2,"featured_media":6155,"parent":0,"menu_order":0,"comment_status":"closed","ping_status":"closed","template":"","meta":{"footnotes":""},"class_list":["post-5150","page","type-page","status-publish","has-post-thumbnail","hentry"],"_links":{"self":[{"href":"https:\/\/www.spd-brensbach.de\/index.php?rest_route=\/wp\/v2\/pages\/5150","targetHints":{"allow":["GET"]}}],"collection":[{"href":"https:\/\/www.spd-brensbach.de\/index.php?rest_route=\/wp\/v2\/pages"}],"about":[{"href":"https:\/\/www.spd-brensbach.de\/index.php?rest_route=\/wp\/v2\/types\/page"}],"author":[{"embeddable":true,"href":"https:\/\/www.spd-brensbach.de\/index.php?rest_route=\/wp\/v2\/users\/2"}],"replies":[{"embeddable":true,"href":"https:\/\/www.spd-brensbach.de\/index.php?rest_route=%2Fwp%2Fv2%2Fcomments&post=5150"}],"version-history":[{"count":4,"href":"https:\/\/www.spd-brensbach.de\/index.php?rest_route=\/wp\/v2\/pages\/5150\/revisions"}],"predecessor-version":[{"id":6302,"href":"https:\/\/www.spd-brensbach.de\/index.php?rest_route=\/wp\/v2\/pages\/5150\/revisions\/6302"}],"wp:featuredmedia":[{"embeddable":true,"href":"https:\/\/www.spd-brensbach.de\/index.php?rest_route=\/wp\/v2\/media\/6155"}],"wp:attachment":[{"href":"https:\/\/www.spd-brensbach.de\/index.php?rest_route=%2Fwp%2Fv2%2Fmedia&parent=5150"}],"curies":[{"name":"wp","href":"https:\/\/api.w.org\/{rel}","templated":true}]}}