{"id":562,"date":"2011-02-27T19:11:26","date_gmt":"2011-02-27T17:11:26","guid":{"rendered":"http:\/\/www.spd-brensbach.de\/?page_id=562"},"modified":"2026-03-16T08:26:11","modified_gmt":"2026-03-16T07:26:11","slug":"rainer-muller","status":"publish","type":"page","link":"https:\/\/www.spd-brensbach.de\/?page_id=562","title":{"rendered":"B\u00fcrgermeister Rainer M\u00fcller"},"content":{"rendered":"\n<p>Mit 54,7 Prozent der Stimmen setzte sich unser B\u00fcrgermeister Rainer M\u00fcller bei der Wahl am 15. M\u00e4rz 2026 klar durch und geht damit in seine dritte Amtszeit. Bei einer Wahlbeteiligung von 66,1 Prozent lie\u00df er seine zwei Kontrahenten bereits im ersten Wahlgang weit hinter sich. B\u00fcrgermeister Rainer M\u00fcller kann nun seine erfolgreiche Arbeit mit Unterst\u00fctzung einer starken SPD fortsetzen.<\/p>\n\n\n\n<p>In der au\u00dferordentlich gut besuchten Mitgliederversammlung der Brensbacher SPD, die am 10. Dezember 2025 stattfand, wurde Rainer M\u00fcller einstimmig wieder als Kandidat f\u00fcr die <a href=\"https:\/\/www.spd-brensbach.de\/?p=6113\">B\u00fcrgermeisterwahl am 15. M\u00e4rz 2026<\/a> nominiert.<\/p>\n\n\n\n<p>Ende August 2025 gab B\u00fcrgermeister Rainer M\u00fcller bekannt, dass er bei der Wahl am 15. M\u00e4rz 2026 f\u00fcr eine dritte Amtszeit kandidiert. \u201eIch habe gro\u00dfe Freude an meinem Beruf und f\u00fchle Verantwortung f\u00fcr unsere Gemeinde\u201c, erkl\u00e4rt M\u00fcller \u2013 und betont, dass er die Gemeinde weiterhin mit Tatkraft, B\u00fcrgern\u00e4he und klarer Haltung f\u00fchren will.<\/p>\n\n\n\n<p>Bei der B\u00fcrgermeisterwahl am 1. M\u00e4rz 2020 wurde Rainer M\u00fcller mit 61 Prozent der Stimmen in seinem Amt best\u00e4tigt. Er bleibt damit B\u00fcrgermeister von Brensbach und kann seine erfolgreiche Arbeit im Zusammenwirken mit der SPD fortsetzen. Bei der Wahl hatte er zwei Mitbewerber, die aber chancenlos blieben. Die Wahlbeteiligung lag bei 60 Prozent.<\/p>\n\n\n\n<p>In der sehr gut besuchten Mitgliederversammlung der Brensbacher SPD, die am 18. Oktober 2019 stattfand, wurde Rainer M\u00fcller einstimmig wieder als Kandidat f\u00fcr die <a href=\"\/?p=4689\">B\u00fcrgermeisterwahl am 1. M\u00e4rz 2020<\/a> nominiert.<\/p>\n\n\n\n<p>Rainer M\u00fcller wurde am 5. Juni 2014 in einer <a href=\"\/?p=2944\">feierlichen Sitzung der Gemeindevertretung<\/a> offiziell zum neuen B\u00fcrgermeister von Brensbach ernannt. Er \u00fcbernahm die Amtsgesch\u00e4fte von Hans-Georg Stosiek, der nach mehr als 17 Jahren an der Spitze der Gemeinde in den Ruhestand ging.<\/p>\n\n\n\n<p>Bei der vorausgegangenen B\u00fcrgermeisterwahl am 2. Februar 2014 konnte Rainer M\u00fcller 51,1 Prozent der Stimmen auf sich vereinen. Die W\u00e4hlerinnen und W\u00e4hler bestimmten damit einen kompetenten und erfahrenen Mann aus ihrer Mitte zum <a title=\"Rainer M\u00fcller wird neuer B\u00fcrgermeister von Brensbach\" href=\"\/?p=2513\">Gemeindeoberhaupt<\/a>, den die Brensbacher SPD bereits im August 2013 mit gro\u00dfer Mehrheit zum <a title=\"SPD nominiert Rainer M\u00fcller einstimmig als B\u00fcrgermeisterkandidat\" href=\"\/?p=1754\">B\u00fcrgermeisterkandidaten<\/a> nominiert hatte.<\/p>\n\n\n\n<p>Der Diplom-Verwaltungswirt (FH) arbeitete bis zu seiner Wahl zum B\u00fcrgermeister als Polizeihauptkommissar in der Presse- und \u00d6ffentlichkeitsarbeit beim Polizeipr\u00e4sidium S\u00fcdhessen. Von 2008 bis 2014 stand er der Gemeindevertretung als <a title=\"Rainer M\u00fcller ist Vorsitzender der Gemeindevertretung\" href=\"\/?p=48\">Vorsitzender<\/a> vor und setzte sich zus\u00e4tzlich als Ausschussvorsitzender aktiv f\u00fcr die Themen Soziales, Sport und Kultur in der Gemeinde ein.<\/p>\n\n\n\n<p>Seinen Ausgleich findet er bei Wanderungen, Mountainbike-Touren und der gemeinsamen Gartenarbeit mit Ehefrau Heike.<\/p>\n","protected":false},"excerpt":{"rendered":"<p>Mit 54,7 Prozent der Stimmen setzte sich unser B\u00fcrgermeister Rainer M\u00fcller bei der Wahl am 15. M\u00e4rz 2026 klar durch und geht damit in seine dritte Amtszeit. Bei einer Wahlbeteiligung von 66,1 Prozent lie\u00df er seine zwei Kontrahenten bereits im ersten Wahlgang weit hinter sich. B\u00fcrgermeister Rainer M\u00fcller kann nun seine erfolgreiche Arbeit mit Unterst\u00fctzung &hellip; <a href=\"https:\/\/www.spd-brensbach.de\/?page_id=562\" class=\"more-link\"><span class=\"screen-reader-text\">B\u00fcrgermeister Rainer M\u00fcller<\/span> weiterlesen <span class=\"meta-nav\">&rarr;<\/span><\/a><\/p>\n","protected":false},"author":2,"featured_media":6007,"parent":0,"menu_order":0,"comment_status":"closed","ping_status":"open","template":"","meta":{"footnotes":""},"class_list":["post-562","page","type-page","status-publish","has-post-thumbnail","hentry"],"_links":{"self":[{"href":"https:\/\/www.spd-brensbach.de\/index.php?rest_route=\/wp\/v2\/pages\/562","targetHints":{"allow":["GET"]}}],"collection":[{"href":"https:\/\/www.spd-brensbach.de\/index.php?rest_route=\/wp\/v2\/pages"}],"about":[{"href":"https:\/\/www.spd-brensbach.de\/index.php?rest_route=\/wp\/v2\/types\/page"}],"author":[{"embeddable":true,"href":"https:\/\/www.spd-brensbach.de\/index.php?rest_route=\/wp\/v2\/users\/2"}],"replies":[{"embeddable":true,"href":"https:\/\/www.spd-brensbach.de\/index.php?rest_route=%2Fwp%2Fv2%2Fcomments&post=562"}],"version-history":[{"count":24,"href":"https:\/\/www.spd-brensbach.de\/index.php?rest_route=\/wp\/v2\/pages\/562\/revisions"}],"predecessor-version":[{"id":6487,"href":"https:\/\/www.spd-brensbach.de\/index.php?rest_route=\/wp\/v2\/pages\/562\/revisions\/6487"}],"wp:featuredmedia":[{"embeddable":true,"href":"https:\/\/www.spd-brensbach.de\/index.php?rest_route=\/wp\/v2\/media\/6007"}],"wp:attachment":[{"href":"https:\/\/www.spd-brensbach.de\/index.php?rest_route=%2Fwp%2Fv2%2Fmedia&parent=562"}],"curies":[{"name":"wp","href":"https:\/\/api.w.org\/{rel}","templated":true}]}}