{"id":565,"date":"2011-02-27T19:15:00","date_gmt":"2011-02-27T17:15:00","guid":{"rendered":"http:\/\/www.spd-brensbach.de\/?page_id=565"},"modified":"2025-12-21T09:23:29","modified_gmt":"2025-12-21T08:23:29","slug":"sonja-maurer","status":"publish","type":"page","link":"https:\/\/www.spd-brensbach.de\/?page_id=565","title":{"rendered":"Sonja Maurer"},"content":{"rendered":"\n<p>Sonja Maurer lebt mit ihrer Familie in Wersau. Sie ist Jahrgang 1970, verheiratet und Mutter eines erwachsenen Sohnes. Sie ist gelernte Industriekauffrau und arbeitet in der Ganztagsbetreuung der AWO an der Grundschule Wersau.<\/p>\n\n\n\n<p>Seit 1993 ist Sonja aktiv in der Kommunalpolitik t\u00e4tig und seit 2011 Mitglied im Gemeindevorstand. Ehrenamtlich leitet sie den Kirchenvorstand in Wersau und die B\u00fccherei der Evangelischen Kirchengemeinde Brensbach.<\/p>\n\n\n\n<p>Ihre Freizeit verbringt sie gern beim Lesen, Quizzen, Radfahren, Schwimmen und Reisen.<\/p>\n\n\n\n<p>Politisch setzt sie sich besonders f\u00fcr soziale Themen, ein solidarisches Miteinander sowie die F\u00f6rderung von Kindern und Jugendlichen ein. R\u00fccksicht, Respekt, Zugewandtheit und Zusammenhalt sind ihr dabei besonders wichtig.<\/p>\n\n\n\n<p>Ihr Lieblingsort ist die Kirche am Friedhof in Wersau, wo sie Ruhe findet. Au\u00dferdem ist sie gerne im Wersauer Wald unterwegs.<\/p>\n\n\n\n<p>\u201eMir sind Respekt, R\u00fccksicht und Zusammenhalt das Wichtigste \u2013 nur gemeinsam sind wir stark.\u201c<\/p>\n","protected":false},"excerpt":{"rendered":"<p>Sonja Maurer lebt mit ihrer Familie in Wersau. Sie ist Jahrgang 1970, verheiratet und Mutter eines erwachsenen Sohnes. Sie ist gelernte Industriekauffrau und arbeitet in der Ganztagsbetreuung der AWO an der Grundschule Wersau. Seit 1993 ist Sonja aktiv in der Kommunalpolitik t\u00e4tig und seit 2011 Mitglied im Gemeindevorstand. Ehrenamtlich leitet sie den Kirchenvorstand in Wersau &hellip; <a href=\"https:\/\/www.spd-brensbach.de\/?page_id=565\" class=\"more-link\"><span class=\"screen-reader-text\">Sonja Maurer<\/span> weiterlesen <span class=\"meta-nav\">&rarr;<\/span><\/a><\/p>\n","protected":false},"author":2,"featured_media":6187,"parent":0,"menu_order":0,"comment_status":"closed","ping_status":"closed","template":"","meta":{"footnotes":""},"class_list":["post-565","page","type-page","status-publish","has-post-thumbnail","hentry"],"_links":{"self":[{"href":"https:\/\/www.spd-brensbach.de\/index.php?rest_route=\/wp\/v2\/pages\/565","targetHints":{"allow":["GET"]}}],"collection":[{"href":"https:\/\/www.spd-brensbach.de\/index.php?rest_route=\/wp\/v2\/pages"}],"about":[{"href":"https:\/\/www.spd-brensbach.de\/index.php?rest_route=\/wp\/v2\/types\/page"}],"author":[{"embeddable":true,"href":"https:\/\/www.spd-brensbach.de\/index.php?rest_route=\/wp\/v2\/users\/2"}],"replies":[{"embeddable":true,"href":"https:\/\/www.spd-brensbach.de\/index.php?rest_route=%2Fwp%2Fv2%2Fcomments&post=565"}],"version-history":[{"count":6,"href":"https:\/\/www.spd-brensbach.de\/index.php?rest_route=\/wp\/v2\/pages\/565\/revisions"}],"predecessor-version":[{"id":6304,"href":"https:\/\/www.spd-brensbach.de\/index.php?rest_route=\/wp\/v2\/pages\/565\/revisions\/6304"}],"wp:featuredmedia":[{"embeddable":true,"href":"https:\/\/www.spd-brensbach.de\/index.php?rest_route=\/wp\/v2\/media\/6187"}],"wp:attachment":[{"href":"https:\/\/www.spd-brensbach.de\/index.php?rest_route=%2Fwp%2Fv2%2Fmedia&parent=565"}],"curies":[{"name":"wp","href":"https:\/\/api.w.org\/{rel}","templated":true}]}}