{"id":568,"date":"2011-02-27T19:15:15","date_gmt":"2011-02-27T17:15:15","guid":{"rendered":"http:\/\/www.spd-brensbach.de\/?page_id=568"},"modified":"2020-12-14T17:39:09","modified_gmt":"2020-12-14T16:39:09","slug":"helmut-kaffenberger","status":"publish","type":"page","link":"https:\/\/www.spd-brensbach.de\/?page_id=568","title":{"rendered":"Helmut Kaffenberger"},"content":{"rendered":"\n<p>Der pensionierte Vermessungstechniker ist seit vielen Jahren Beigeordneter der Gemeinde Brensbach. Aufgrund seiner stets auf Ausgleich bedachten Art und seiner Fachkompetenz genie\u00dft er hohes Ansehen in der Bev\u00f6lkerung und den kommunalen Gremien.<\/p>\n\n\n\n<p>Helmut Kaffenberger ist verheiratet, Vater von zwei erwachsenen T\u00f6chtern und stolzer Gro\u00dfvater. Bei der SSV Brensbach engagierte er sich seit fr\u00fchester Jugend und \u00fcber viele Jahre hinweg auch in verantwortungsvoller Position.<\/p>\n","protected":false},"excerpt":{"rendered":"<p>Der pensionierte Vermessungstechniker ist seit vielen Jahren Beigeordneter der Gemeinde Brensbach. Aufgrund seiner stets auf Ausgleich bedachten Art und seiner Fachkompetenz genie\u00dft er hohes Ansehen in der Bev\u00f6lkerung und den kommunalen Gremien. Helmut Kaffenberger ist verheiratet, Vater von zwei erwachsenen T\u00f6chtern und stolzer Gro\u00dfvater. Bei der SSV Brensbach engagierte er sich seit fr\u00fchester Jugend und &hellip; <a href=\"https:\/\/www.spd-brensbach.de\/?page_id=568\" class=\"more-link\"><span class=\"screen-reader-text\">Helmut Kaffenberger<\/span> weiterlesen <span class=\"meta-nav\">&rarr;<\/span><\/a><\/p>\n","protected":false},"author":2,"featured_media":5112,"parent":0,"menu_order":0,"comment_status":"closed","ping_status":"closed","template":"","meta":{"footnotes":""},"class_list":["post-568","page","type-page","status-publish","has-post-thumbnail","hentry"],"_links":{"self":[{"href":"https:\/\/www.spd-brensbach.de\/index.php?rest_route=\/wp\/v2\/pages\/568","targetHints":{"allow":["GET"]}}],"collection":[{"href":"https:\/\/www.spd-brensbach.de\/index.php?rest_route=\/wp\/v2\/pages"}],"about":[{"href":"https:\/\/www.spd-brensbach.de\/index.php?rest_route=\/wp\/v2\/types\/page"}],"author":[{"embeddable":true,"href":"https:\/\/www.spd-brensbach.de\/index.php?rest_route=\/wp\/v2\/users\/2"}],"replies":[{"embeddable":true,"href":"https:\/\/www.spd-brensbach.de\/index.php?rest_route=%2Fwp%2Fv2%2Fcomments&post=568"}],"version-history":[{"count":7,"href":"https:\/\/www.spd-brensbach.de\/index.php?rest_route=\/wp\/v2\/pages\/568\/revisions"}],"predecessor-version":[{"id":5136,"href":"https:\/\/www.spd-brensbach.de\/index.php?rest_route=\/wp\/v2\/pages\/568\/revisions\/5136"}],"wp:featuredmedia":[{"embeddable":true,"href":"https:\/\/www.spd-brensbach.de\/index.php?rest_route=\/wp\/v2\/media\/5112"}],"wp:attachment":[{"href":"https:\/\/www.spd-brensbach.de\/index.php?rest_route=%2Fwp%2Fv2%2Fmedia&parent=568"}],"curies":[{"name":"wp","href":"https:\/\/api.w.org\/{rel}","templated":true}]}}