{"id":581,"date":"2011-02-27T19:19:57","date_gmt":"2011-02-27T17:19:57","guid":{"rendered":"http:\/\/www.spd-brensbach.de\/?page_id=581"},"modified":"2025-12-21T09:24:58","modified_gmt":"2025-12-21T08:24:58","slug":"sigrid-volker","status":"publish","type":"page","link":"https:\/\/www.spd-brensbach.de\/?page_id=581","title":{"rendered":"Sigrid V\u00f6lker"},"content":{"rendered":"\n<p>Sigrid V\u00f6lker ist Diplom-Ingenieurin und lebt mit ihrer Familie in Wersau. Die 62-J\u00e4hrige ist verheiratet, hat zwei erwachsene T\u00f6chter und arbeitet in Teilzeit als Umweltberaterin.<\/p>\n\n\n\n<p>Bereits seit 1993 ist sie Mitglied der Gemeindevertretung und bringt ihre langj\u00e4hrige Erfahrung in die kommunalpolitische Arbeit ein. Zudem ist sie Vorstandsmitglied im SPD-Ortsverein Brensbach.<\/p>\n\n\n\n<p>Die geb\u00fcrtige Wersauerin ist naturverbunden, f\u00e4hrt gern Rad und verbringt viel Zeit in Wald und Flur. Als Mitglied verschiedener \u00f6rtlicher Vereine liegt ihr das Gemeindeleben besonders am Herzen. Sigrid beschreibt sich als Landmensch aus \u00dcberzeugung, der sich mit ganzem Einsatz f\u00fcr die Gemeinde einsetzt.<\/p>\n\n\n\n<p>\u201eIch bin Landmensch aus \u00dcberzeugung und setze mich leidenschaftlich f\u00fcr den Schutz unserer Umwelt und Nachhaltigkeit ein.\u201c<\/p>\n","protected":false},"excerpt":{"rendered":"<p>Sigrid V\u00f6lker ist Diplom-Ingenieurin und lebt mit ihrer Familie in Wersau. Die 62-J\u00e4hrige ist verheiratet, hat zwei erwachsene T\u00f6chter und arbeitet in Teilzeit als Umweltberaterin. Bereits seit 1993 ist sie Mitglied der Gemeindevertretung und bringt ihre langj\u00e4hrige Erfahrung in die kommunalpolitische Arbeit ein. Zudem ist sie Vorstandsmitglied im SPD-Ortsverein Brensbach. Die geb\u00fcrtige Wersauerin ist naturverbunden, &hellip; <a href=\"https:\/\/www.spd-brensbach.de\/?page_id=581\" class=\"more-link\"><span class=\"screen-reader-text\">Sigrid V\u00f6lker<\/span> weiterlesen <span class=\"meta-nav\">&rarr;<\/span><\/a><\/p>\n","protected":false},"author":2,"featured_media":6189,"parent":0,"menu_order":0,"comment_status":"closed","ping_status":"closed","template":"","meta":{"footnotes":""},"class_list":["post-581","page","type-page","status-publish","has-post-thumbnail","hentry"],"_links":{"self":[{"href":"https:\/\/www.spd-brensbach.de\/index.php?rest_route=\/wp\/v2\/pages\/581","targetHints":{"allow":["GET"]}}],"collection":[{"href":"https:\/\/www.spd-brensbach.de\/index.php?rest_route=\/wp\/v2\/pages"}],"about":[{"href":"https:\/\/www.spd-brensbach.de\/index.php?rest_route=\/wp\/v2\/types\/page"}],"author":[{"embeddable":true,"href":"https:\/\/www.spd-brensbach.de\/index.php?rest_route=\/wp\/v2\/users\/2"}],"replies":[{"embeddable":true,"href":"https:\/\/www.spd-brensbach.de\/index.php?rest_route=%2Fwp%2Fv2%2Fcomments&post=581"}],"version-history":[{"count":8,"href":"https:\/\/www.spd-brensbach.de\/index.php?rest_route=\/wp\/v2\/pages\/581\/revisions"}],"predecessor-version":[{"id":6306,"href":"https:\/\/www.spd-brensbach.de\/index.php?rest_route=\/wp\/v2\/pages\/581\/revisions\/6306"}],"wp:featuredmedia":[{"embeddable":true,"href":"https:\/\/www.spd-brensbach.de\/index.php?rest_route=\/wp\/v2\/media\/6189"}],"wp:attachment":[{"href":"https:\/\/www.spd-brensbach.de\/index.php?rest_route=%2Fwp%2Fv2%2Fmedia&parent=581"}],"curies":[{"name":"wp","href":"https:\/\/api.w.org\/{rel}","templated":true}]}}