{"id":593,"date":"2011-02-27T19:31:49","date_gmt":"2011-02-27T17:31:49","guid":{"rendered":"http:\/\/www.spd-brensbach.de\/?page_id=593"},"modified":"2025-11-17T10:18:43","modified_gmt":"2025-11-17T09:18:43","slug":"dr-wilfried-bauer","status":"publish","type":"page","link":"https:\/\/www.spd-brensbach.de\/?page_id=593","title":{"rendered":"Dr. Wilfried Bauer"},"content":{"rendered":"\n<p>Nach langer schwerer Krankheit verstarb der Vorsitzende der Gemeindevertretung, Dr. Wilfried Bauer, im Oktober 2025. Er lebte im Ortsteil Wersau, wo er auch fest verwurzelt war. Er hinterl\u00e4sst Ehefrau und zwei erwachsene Kinder.<\/p>\n\n\n\n<p>Der promovierte Diplom-Physiker machte sich mit zahlreichen wissenschaftlichen Ver\u00f6ffentlichungen in Fachkreisen einen Namen und blieb auch im Ruhestand \u00e4u\u00dferst engagiert. In der Kommunalpolitik galt er als Fachmann f\u00fcr Haushaltsfragen und setzte mit seiner Erfahrung und Expertise entscheidende Akzente in seiner Rolle als Mitglied der Brensbacher Gemeindevertretung sowie im Ortsbeirat Wersau.<\/p>\n\n\n\n<p>Zun\u00e4chst als stellvertretender Vorsitzender und dann als Vorsitzender der Gemeindevertretung sowie als Vorsitzender des Haupt- und Finanzausschusses \u00fcbernahm er verantwortungsvolle Aufgaben. Diese f\u00fcllte er nicht nur mit Leidenschaft und fundiertem Fachwissen, sondern auch mit dem notwendigen Fingerspitzengef\u00fchl aus.<\/p>\n\n\n\n<p>Sein Tod ist ein gro\u00dfer Verlust f\u00fcr uns. Unsere aufrichtige Anteilnahme gilt seiner Familie.<\/p>\n","protected":false},"excerpt":{"rendered":"<p>Nach langer schwerer Krankheit verstarb der Vorsitzende der Gemeindevertretung, Dr. Wilfried Bauer, im Oktober 2025. Er lebte im Ortsteil Wersau, wo er auch fest verwurzelt war. Er hinterl\u00e4sst Ehefrau und zwei erwachsene Kinder. Der promovierte Diplom-Physiker machte sich mit zahlreichen wissenschaftlichen Ver\u00f6ffentlichungen in Fachkreisen einen Namen und blieb auch im Ruhestand \u00e4u\u00dferst engagiert. In der &hellip; <a href=\"https:\/\/www.spd-brensbach.de\/?page_id=593\" class=\"more-link\"><span class=\"screen-reader-text\">Dr. Wilfried Bauer<\/span> weiterlesen <span class=\"meta-nav\">&rarr;<\/span><\/a><\/p>\n","protected":false},"author":1,"featured_media":5118,"parent":0,"menu_order":0,"comment_status":"closed","ping_status":"closed","template":"","meta":{"footnotes":""},"class_list":["post-593","page","type-page","status-publish","has-post-thumbnail","hentry"],"_links":{"self":[{"href":"https:\/\/www.spd-brensbach.de\/index.php?rest_route=\/wp\/v2\/pages\/593","targetHints":{"allow":["GET"]}}],"collection":[{"href":"https:\/\/www.spd-brensbach.de\/index.php?rest_route=\/wp\/v2\/pages"}],"about":[{"href":"https:\/\/www.spd-brensbach.de\/index.php?rest_route=\/wp\/v2\/types\/page"}],"author":[{"embeddable":true,"href":"https:\/\/www.spd-brensbach.de\/index.php?rest_route=\/wp\/v2\/users\/1"}],"replies":[{"embeddable":true,"href":"https:\/\/www.spd-brensbach.de\/index.php?rest_route=%2Fwp%2Fv2%2Fcomments&post=593"}],"version-history":[{"count":11,"href":"https:\/\/www.spd-brensbach.de\/index.php?rest_route=\/wp\/v2\/pages\/593\/revisions"}],"predecessor-version":[{"id":6040,"href":"https:\/\/www.spd-brensbach.de\/index.php?rest_route=\/wp\/v2\/pages\/593\/revisions\/6040"}],"wp:featuredmedia":[{"embeddable":true,"href":"https:\/\/www.spd-brensbach.de\/index.php?rest_route=\/wp\/v2\/media\/5118"}],"wp:attachment":[{"href":"https:\/\/www.spd-brensbach.de\/index.php?rest_route=%2Fwp%2Fv2%2Fmedia&parent=593"}],"curies":[{"name":"wp","href":"https:\/\/api.w.org\/{rel}","templated":true}]}}