{"id":6167,"date":"2025-12-20T16:14:34","date_gmt":"2025-12-20T15:14:34","guid":{"rendered":"https:\/\/www.spd-brensbach.de\/?page_id=6167"},"modified":"2025-12-21T09:28:52","modified_gmt":"2025-12-21T08:28:52","slug":"daniela-abraham-grimm","status":"publish","type":"page","link":"https:\/\/www.spd-brensbach.de\/?page_id=6167","title":{"rendered":"Daniela Abraham-Grimm"},"content":{"rendered":"\n<p>Daniela Abraham-Grimm lebt mit ihrer Familie im Ortsteil Brensbach. Die verheiratete Medizincontrollerin ist Mutter von zwei Kindern, hat zwei Stiefkinder und ist Gro\u00dfmutter von zwei Enkeln.<\/p>\n\n\n\n<p>Beruflich ist sie seit 25 Jahren in der Gesch\u00e4ftsleitung der Asklepios Schlossberg Klinik t\u00e4tig. Kommunalpolitisch bringt sie Erfahrung mit \u2013 in den 1990er Jahren war sie bereits acht Jahre Gemeindevertreterin.<\/p>\n\n\n\n<p>Sie engagiert sich ehrenamtlich als Vorsitzende des DRK-Ortsvereins Brensbach und im Team der Kleinkunstkneipe Alte Post, wo sie auch f\u00fcr Organisation und F\u00f6rdermittel zust\u00e4ndig ist.<\/p>\n\n\n\n<p>Daniela setzt sich besonders f\u00fcr die F\u00f6rderung von Kindergarten, Spielpl\u00e4tzen, Jugendraum und Vereinen ein. Auch die Infrastruktur f\u00fcr Senioren und die Kulturf\u00f6rderung liegen ihr am Herzen.<\/p>\n\n\n\n<p>In ihrer Freizeit verbringt sie gern Zeit mit ihren Kindern, Enkeln und Freunden. Ihr Lieblingsort in Brensbach ist ihr Zuhause als R\u00fcckzugsort und Treffpunkt, ebenso wie die Alte Post, ein Ort f\u00fcr Kultur und Gemeinschaft.<\/p>\n\n\n\n<p>\u201eBrensbach soll ein Ort bleiben, wo Kinder lachen, Senioren sich zuhause f\u00fchlen und kulturelles Leben wertgesch\u00e4tzt wird.\u201c<\/p>\n","protected":false},"excerpt":{"rendered":"<p>Daniela Abraham-Grimm lebt mit ihrer Familie im Ortsteil Brensbach. Die verheiratete Medizincontrollerin ist Mutter von zwei Kindern, hat zwei Stiefkinder und ist Gro\u00dfmutter von zwei Enkeln. Beruflich ist sie seit 25 Jahren in der Gesch\u00e4ftsleitung der Asklepios Schlossberg Klinik t\u00e4tig. Kommunalpolitisch bringt sie Erfahrung mit \u2013 in den 1990er Jahren war sie bereits acht Jahre &hellip; <a href=\"https:\/\/www.spd-brensbach.de\/?page_id=6167\" class=\"more-link\"><span class=\"screen-reader-text\">Daniela Abraham-Grimm<\/span> weiterlesen <span class=\"meta-nav\">&rarr;<\/span><\/a><\/p>\n","protected":false},"author":2,"featured_media":6224,"parent":0,"menu_order":0,"comment_status":"closed","ping_status":"closed","template":"","meta":{"footnotes":""},"class_list":["post-6167","page","type-page","status-publish","has-post-thumbnail","hentry"],"_links":{"self":[{"href":"https:\/\/www.spd-brensbach.de\/index.php?rest_route=\/wp\/v2\/pages\/6167","targetHints":{"allow":["GET"]}}],"collection":[{"href":"https:\/\/www.spd-brensbach.de\/index.php?rest_route=\/wp\/v2\/pages"}],"about":[{"href":"https:\/\/www.spd-brensbach.de\/index.php?rest_route=\/wp\/v2\/types\/page"}],"author":[{"embeddable":true,"href":"https:\/\/www.spd-brensbach.de\/index.php?rest_route=\/wp\/v2\/users\/2"}],"replies":[{"embeddable":true,"href":"https:\/\/www.spd-brensbach.de\/index.php?rest_route=%2Fwp%2Fv2%2Fcomments&post=6167"}],"version-history":[{"count":2,"href":"https:\/\/www.spd-brensbach.de\/index.php?rest_route=\/wp\/v2\/pages\/6167\/revisions"}],"predecessor-version":[{"id":6311,"href":"https:\/\/www.spd-brensbach.de\/index.php?rest_route=\/wp\/v2\/pages\/6167\/revisions\/6311"}],"wp:featuredmedia":[{"embeddable":true,"href":"https:\/\/www.spd-brensbach.de\/index.php?rest_route=\/wp\/v2\/media\/6224"}],"wp:attachment":[{"href":"https:\/\/www.spd-brensbach.de\/index.php?rest_route=%2Fwp%2Fv2%2Fmedia&parent=6167"}],"curies":[{"name":"wp","href":"https:\/\/api.w.org\/{rel}","templated":true}]}}