{"id":6194,"date":"2025-12-20T16:16:51","date_gmt":"2025-12-20T15:16:51","guid":{"rendered":"https:\/\/www.spd-brensbach.de\/?page_id=6194"},"modified":"2025-12-21T09:32:31","modified_gmt":"2025-12-21T08:32:31","slug":"lilith-pohl","status":"publish","type":"page","link":"https:\/\/www.spd-brensbach.de\/?page_id=6194","title":{"rendered":"Lilith Pohl"},"content":{"rendered":"\n<p>Lilith Pohl ist 18 Jahre alt, lebt im Ortsteil H\u00f6llerbach und ist Abiturientin an der Bertolt-Brecht-Schule in Darmstadt. Als j\u00fcngste Kandidatin tritt sie an, um jungen Menschen in Brensbach eine Stimme zu geben. Ihr Engagement ist gepr\u00e4gt von einem ausgepr\u00e4gten Gerechtigkeitssinn und dem Wunsch, dass die Anliegen, Probleme und Ideen junger Menschen sichtbar werden.<\/p>\n\n\n\n<p>Als zielstrebige, aufgeschlossene und reflektierte junge Frau ist es ihr wichtig, dass Entscheidungen fair getroffen werden und alle Generationen Geh\u00f6r finden. Besonders am Herzen liegt ihr, dass Jugendliche ernst genommen werden und echte M\u00f6glichkeiten zur Mitgestaltung erhalten.<\/p>\n\n\n\n<p>Ihr Lieblingsort in Brensbach ist die B\u00fccherei: In der ehrenamtlich gef\u00fchrten Einrichtung gibt es f\u00fcr die begeisterte Leserin immer Neues zu entdecken. Sie ist f\u00fcr sie zugleich ein Ort der Ruhe und der Inspiration.<\/p>\n\n\n\n<p>\u201eGerechtigkeit hei\u00dft f\u00fcr mich, dass alle Stimmen, auch die der jungen Generation, geh\u00f6rt werden.\u201c<\/p>\n","protected":false},"excerpt":{"rendered":"<p>Lilith Pohl ist 18 Jahre alt, lebt im Ortsteil H\u00f6llerbach und ist Abiturientin an der Bertolt-Brecht-Schule in Darmstadt. Als j\u00fcngste Kandidatin tritt sie an, um jungen Menschen in Brensbach eine Stimme zu geben. Ihr Engagement ist gepr\u00e4gt von einem ausgepr\u00e4gten Gerechtigkeitssinn und dem Wunsch, dass die Anliegen, Probleme und Ideen junger Menschen sichtbar werden. Als &hellip; <a href=\"https:\/\/www.spd-brensbach.de\/?page_id=6194\" class=\"more-link\"><span class=\"screen-reader-text\">Lilith Pohl<\/span> weiterlesen <span class=\"meta-nav\">&rarr;<\/span><\/a><\/p>\n","protected":false},"author":2,"featured_media":6226,"parent":0,"menu_order":0,"comment_status":"closed","ping_status":"closed","template":"","meta":{"footnotes":""},"class_list":["post-6194","page","type-page","status-publish","has-post-thumbnail","hentry"],"_links":{"self":[{"href":"https:\/\/www.spd-brensbach.de\/index.php?rest_route=\/wp\/v2\/pages\/6194","targetHints":{"allow":["GET"]}}],"collection":[{"href":"https:\/\/www.spd-brensbach.de\/index.php?rest_route=\/wp\/v2\/pages"}],"about":[{"href":"https:\/\/www.spd-brensbach.de\/index.php?rest_route=\/wp\/v2\/types\/page"}],"author":[{"embeddable":true,"href":"https:\/\/www.spd-brensbach.de\/index.php?rest_route=\/wp\/v2\/users\/2"}],"replies":[{"embeddable":true,"href":"https:\/\/www.spd-brensbach.de\/index.php?rest_route=%2Fwp%2Fv2%2Fcomments&post=6194"}],"version-history":[{"count":2,"href":"https:\/\/www.spd-brensbach.de\/index.php?rest_route=\/wp\/v2\/pages\/6194\/revisions"}],"predecessor-version":[{"id":6318,"href":"https:\/\/www.spd-brensbach.de\/index.php?rest_route=\/wp\/v2\/pages\/6194\/revisions\/6318"}],"wp:featuredmedia":[{"embeddable":true,"href":"https:\/\/www.spd-brensbach.de\/index.php?rest_route=\/wp\/v2\/media\/6226"}],"wp:attachment":[{"href":"https:\/\/www.spd-brensbach.de\/index.php?rest_route=%2Fwp%2Fv2%2Fmedia&parent=6194"}],"curies":[{"name":"wp","href":"https:\/\/api.w.org\/{rel}","templated":true}]}}