{"id":6215,"date":"2025-12-20T16:19:35","date_gmt":"2025-12-20T15:19:35","guid":{"rendered":"https:\/\/www.spd-brensbach.de\/?page_id=6215"},"modified":"2025-12-21T09:28:10","modified_gmt":"2025-12-21T08:28:10","slug":"roya-hamidyar","status":"publish","type":"page","link":"https:\/\/www.spd-brensbach.de\/?page_id=6215","title":{"rendered":"Roya Hamidyar"},"content":{"rendered":"\n<p>Roya Hamidyar, Jahrgang 1982, arbeitet als sozialp\u00e4dagogische Familienhelferin und begleitet Familien in unterschiedlichen Lebenslagen. In ihrer beruflichen T\u00e4tigkeit setzt sie sich f\u00fcr die F\u00f6rderung sozialer Teilhabe sowie das Wohl von Kindern und Jugendlichen ein.<\/p>\n\n\n\n<p>Aus Afghanistan stammend, ist Roya mit ihrer Familie in Nieder-Kainsbach fest verwurzelt. Ihre beiden \u00e4lteren Kinder sind dort aufgewachsen, ebenso wie ihr f\u00fcnfj\u00e4hriger Sohn. Mit Nieder-Kainsbach verbindet sie viele positive Erfahrungen \u2013 ein Ort, an dem sie sich durch das gute nachbarschaftliche Miteinander sehr willkommen f\u00fchlt.<\/p>\n\n\n\n<p>Im menschlichen Miteinander sind ihr gegenseitiges Verst\u00e4ndnis, Respekt, Verl\u00e4sslichkeit und ein wertsch\u00e4tzender Umgang besonders wichtig. Deshalb m\u00f6chte sie sich f\u00fcr ein funktionierendes soziales Umfeld einsetzen, das Zusammenhalt st\u00e4rkt und Menschen unabh\u00e4ngig von Herkunft oder Lebenslage unterst\u00fctzt.<\/p>\n\n\n\n<p>\u201eDurch mein eigenes Engagement m\u00f6chte ich etwas von der Unterst\u00fctzung und dem Willkommensein zur\u00fcckgeben, die ich hier erfahren habe \u2013 f\u00fcr ein Brensbach, in dem sich alle Menschen angenommen und wertgesch\u00e4tzt f\u00fchlen.\u201c<\/p>\n","protected":false},"excerpt":{"rendered":"<p>Roya Hamidyar, Jahrgang 1982, arbeitet als sozialp\u00e4dagogische Familienhelferin und begleitet Familien in unterschiedlichen Lebenslagen. In ihrer beruflichen T\u00e4tigkeit setzt sie sich f\u00fcr die F\u00f6rderung sozialer Teilhabe sowie das Wohl von Kindern und Jugendlichen ein. Aus Afghanistan stammend, ist Roya mit ihrer Familie in Nieder-Kainsbach fest verwurzelt. Ihre beiden \u00e4lteren Kinder sind dort aufgewachsen, ebenso wie &hellip; <a href=\"https:\/\/www.spd-brensbach.de\/?page_id=6215\" class=\"more-link\"><span class=\"screen-reader-text\">Roya Hamidyar<\/span> weiterlesen <span class=\"meta-nav\">&rarr;<\/span><\/a><\/p>\n","protected":false},"author":2,"featured_media":6228,"parent":0,"menu_order":0,"comment_status":"closed","ping_status":"closed","template":"","meta":{"footnotes":""},"class_list":["post-6215","page","type-page","status-publish","has-post-thumbnail","hentry"],"_links":{"self":[{"href":"https:\/\/www.spd-brensbach.de\/index.php?rest_route=\/wp\/v2\/pages\/6215","targetHints":{"allow":["GET"]}}],"collection":[{"href":"https:\/\/www.spd-brensbach.de\/index.php?rest_route=\/wp\/v2\/pages"}],"about":[{"href":"https:\/\/www.spd-brensbach.de\/index.php?rest_route=\/wp\/v2\/types\/page"}],"author":[{"embeddable":true,"href":"https:\/\/www.spd-brensbach.de\/index.php?rest_route=\/wp\/v2\/users\/2"}],"replies":[{"embeddable":true,"href":"https:\/\/www.spd-brensbach.de\/index.php?rest_route=%2Fwp%2Fv2%2Fcomments&post=6215"}],"version-history":[{"count":4,"href":"https:\/\/www.spd-brensbach.de\/index.php?rest_route=\/wp\/v2\/pages\/6215\/revisions"}],"predecessor-version":[{"id":6310,"href":"https:\/\/www.spd-brensbach.de\/index.php?rest_route=\/wp\/v2\/pages\/6215\/revisions\/6310"}],"wp:featuredmedia":[{"embeddable":true,"href":"https:\/\/www.spd-brensbach.de\/index.php?rest_route=\/wp\/v2\/media\/6228"}],"wp:attachment":[{"href":"https:\/\/www.spd-brensbach.de\/index.php?rest_route=%2Fwp%2Fv2%2Fmedia&parent=6215"}],"curies":[{"name":"wp","href":"https:\/\/api.w.org\/{rel}","templated":true}]}}