{"id":632,"date":"2011-02-28T11:37:43","date_gmt":"2011-02-28T09:37:43","guid":{"rendered":"http:\/\/www.spd-brensbach.de\/?page_id=631"},"modified":"2025-12-21T09:19:10","modified_gmt":"2025-12-21T08:19:10","slug":"anja-marquardt","status":"publish","type":"page","link":"https:\/\/www.spd-brensbach.de\/?page_id=632","title":{"rendered":"Anja Marquardt"},"content":{"rendered":"\n<p>Anja Marquardt lebt in Affh\u00f6llerbach, ist verheiratet und Mutter von drei Kindern im Alter von 17, 19 und 21 Jahren. Sie arbeitet als Verwaltungsfachangestellte bei der Bundeswehr.<\/p>\n\n\n\n<p>Neben ihrer beruflichen T\u00e4tigkeit engagiert sie sich in der Einsatzabteilung der Freiwilligen Feuerwehr Affh\u00f6llerbach sowie im Schwimm- und Badeverein und im Verkehrs- und Versch\u00f6nerungsverein Affh\u00f6llerbach. Kommunalpolitisch bringt sie langj\u00e4hrige Erfahrung mit: Sie ist Mitglied im Ortsbeirat Affh\u00f6llerbach, in der Gemeindevertretung und derzeit Vorsitzende des Ausschusses f\u00fcr Sport, Kultur und Soziales.<\/p>\n\n\n\n<p>Ihre politischen Schwerpunkte liegen bei Familien, Vereinen und dem Ehrenamt. Besonders wichtig ist ihr, das soziale Miteinander in der Gemeinde zu st\u00e4rken. Ehrlichkeit, Transparenz und Offenheit bei politischen Entscheidungen sind ihr dabei ein zentrales Anliegen.<\/p>\n\n\n\n<p>In ihrer Freizeit findet Anja Marquardt Ausgleich beim N\u00e4hen, Lesen, im Garten oder bei Auszeiten auf dem Hausboot.<\/p>\n\n\n\n<p>\u201eMein Herzensthema ist es, das soziale Miteinander in unserer Gemeinde zu st\u00e4rken \u2013 Familien, Vereine und Ehrenamt sind dabei der Schl\u00fcssel f\u00fcr ein lebendiges und solidarisches Brensbach.\u201c<\/p>\n","protected":false},"excerpt":{"rendered":"<p>Anja Marquardt lebt in Affh\u00f6llerbach, ist verheiratet und Mutter von drei Kindern im Alter von 17, 19 und 21 Jahren. Sie arbeitet als Verwaltungsfachangestellte bei der Bundeswehr. Neben ihrer beruflichen T\u00e4tigkeit engagiert sie sich in der Einsatzabteilung der Freiwilligen Feuerwehr Affh\u00f6llerbach sowie im Schwimm- und Badeverein und im Verkehrs- und Versch\u00f6nerungsverein Affh\u00f6llerbach. Kommunalpolitisch bringt sie &hellip; <a href=\"https:\/\/www.spd-brensbach.de\/?page_id=632\" class=\"more-link\"><span class=\"screen-reader-text\">Anja Marquardt<\/span> weiterlesen <span class=\"meta-nav\">&rarr;<\/span><\/a><\/p>\n","protected":false},"author":2,"featured_media":6153,"parent":0,"menu_order":0,"comment_status":"closed","ping_status":"closed","template":"","meta":{"footnotes":""},"class_list":["post-632","page","type-page","status-publish","has-post-thumbnail","hentry"],"_links":{"self":[{"href":"https:\/\/www.spd-brensbach.de\/index.php?rest_route=\/wp\/v2\/pages\/632","targetHints":{"allow":["GET"]}}],"collection":[{"href":"https:\/\/www.spd-brensbach.de\/index.php?rest_route=\/wp\/v2\/pages"}],"about":[{"href":"https:\/\/www.spd-brensbach.de\/index.php?rest_route=\/wp\/v2\/types\/page"}],"author":[{"embeddable":true,"href":"https:\/\/www.spd-brensbach.de\/index.php?rest_route=\/wp\/v2\/users\/2"}],"replies":[{"embeddable":true,"href":"https:\/\/www.spd-brensbach.de\/index.php?rest_route=%2Fwp%2Fv2%2Fcomments&post=632"}],"version-history":[{"count":6,"href":"https:\/\/www.spd-brensbach.de\/index.php?rest_route=\/wp\/v2\/pages\/632\/revisions"}],"predecessor-version":[{"id":6301,"href":"https:\/\/www.spd-brensbach.de\/index.php?rest_route=\/wp\/v2\/pages\/632\/revisions\/6301"}],"wp:featuredmedia":[{"embeddable":true,"href":"https:\/\/www.spd-brensbach.de\/index.php?rest_route=\/wp\/v2\/media\/6153"}],"wp:attachment":[{"href":"https:\/\/www.spd-brensbach.de\/index.php?rest_route=%2Fwp%2Fv2%2Fmedia&parent=632"}],"curies":[{"name":"wp","href":"https:\/\/api.w.org\/{rel}","templated":true}]}}