{"id":635,"date":"2011-02-28T11:41:25","date_gmt":"2011-02-28T09:41:25","guid":{"rendered":"http:\/\/www.spd-brensbach.de\/?page_id=635"},"modified":"2025-12-21T09:24:21","modified_gmt":"2025-12-21T08:24:21","slug":"roger-flath","status":"publish","type":"page","link":"https:\/\/www.spd-brensbach.de\/?page_id=635","title":{"rendered":"Roger Flath"},"content":{"rendered":"\n<p>Roger Flath lebt mit seiner Familie im Ortsteil H\u00f6llerbach. Der verheiratete Vater von zwei Kindern ist Feinmechaniker und CNC-Dreher.<\/p>\n\n\n\n<p>Sozialdemokratisches Engagement zum Wohle der Gemeinde hat in seiner Familie Tradition. Roger ist b\u00fcrgernah und kennt die Sorgen und N\u00f6te der Menschen vor Ort sehr genau. Besonders wichtig sind ihm Sicherheit und Gerechtigkeit in der Gemeinde.<\/p>\n\n\n\n<p>Im menschlichen Miteinander legt er gro\u00dfen Wert auf Ehrlichkeit. Seine Zuverl\u00e4ssigkeit und Hilfsbereitschaft machen ihn zu einem gesch\u00e4tzten Mitmenschen.<\/p>\n\n\n\n<p>Sein Lieblingsort in Brensbach ist sein Zuhause in H\u00f6llerbach \u2013 der Ort, an dem f\u00fcr ihn Familie und Geborgenheit zu finden sind.<\/p>\n\n\n\n<p>\u201eEhrlichkeit ist mir wichtig \u2013 man sollte sich auf den Nachbarn genauso verlassen k\u00f6nnen wie auf den eigenen Werkzeugkoffer.\u201c<\/p>\n","protected":false},"excerpt":{"rendered":"<p>Roger Flath lebt mit seiner Familie im Ortsteil H\u00f6llerbach. Der verheiratete Vater von zwei Kindern ist Feinmechaniker und CNC-Dreher. Sozialdemokratisches Engagement zum Wohle der Gemeinde hat in seiner Familie Tradition. Roger ist b\u00fcrgernah und kennt die Sorgen und N\u00f6te der Menschen vor Ort sehr genau. Besonders wichtig sind ihm Sicherheit und Gerechtigkeit in der Gemeinde. &hellip; <a href=\"https:\/\/www.spd-brensbach.de\/?page_id=635\" class=\"more-link\"><span class=\"screen-reader-text\">Roger Flath<\/span> weiterlesen <span class=\"meta-nav\">&rarr;<\/span><\/a><\/p>\n","protected":false},"author":2,"featured_media":6158,"parent":0,"menu_order":0,"comment_status":"closed","ping_status":"closed","template":"","meta":{"footnotes":""},"class_list":["post-635","page","type-page","status-publish","has-post-thumbnail","hentry"],"_links":{"self":[{"href":"https:\/\/www.spd-brensbach.de\/index.php?rest_route=\/wp\/v2\/pages\/635","targetHints":{"allow":["GET"]}}],"collection":[{"href":"https:\/\/www.spd-brensbach.de\/index.php?rest_route=\/wp\/v2\/pages"}],"about":[{"href":"https:\/\/www.spd-brensbach.de\/index.php?rest_route=\/wp\/v2\/types\/page"}],"author":[{"embeddable":true,"href":"https:\/\/www.spd-brensbach.de\/index.php?rest_route=\/wp\/v2\/users\/2"}],"replies":[{"embeddable":true,"href":"https:\/\/www.spd-brensbach.de\/index.php?rest_route=%2Fwp%2Fv2%2Fcomments&post=635"}],"version-history":[{"count":8,"href":"https:\/\/www.spd-brensbach.de\/index.php?rest_route=\/wp\/v2\/pages\/635\/revisions"}],"predecessor-version":[{"id":6305,"href":"https:\/\/www.spd-brensbach.de\/index.php?rest_route=\/wp\/v2\/pages\/635\/revisions\/6305"}],"wp:featuredmedia":[{"embeddable":true,"href":"https:\/\/www.spd-brensbach.de\/index.php?rest_route=\/wp\/v2\/media\/6158"}],"wp:attachment":[{"href":"https:\/\/www.spd-brensbach.de\/index.php?rest_route=%2Fwp%2Fv2%2Fmedia&parent=635"}],"curies":[{"name":"wp","href":"https:\/\/api.w.org\/{rel}","templated":true}]}}