{"id":9,"date":"2008-02-19T08:37:07","date_gmt":"2008-02-19T07:37:07","guid":{"rendered":"http:\/\/wp1033296.wp056.webpack.hosteurope.de\/spd-brensbach\/?page_id=4"},"modified":"2024-02-16T08:23:36","modified_gmt":"2024-02-16T07:23:36","slug":"impressum","status":"publish","type":"page","link":"https:\/\/www.spd-brensbach.de\/?page_id=9","title":{"rendered":"Impressum"},"content":{"rendered":"<h6>Angaben gem\u00e4\u00df \u00a7 5 TMG<\/h6>\n<p>SPD Brensbach<br \/>\nSozialdemokratische Partei Deutschlands (SPD), Ortsverein Brensbach,<br \/>\nvertreten durch den 1. Vorsitzenden Christian Senker<br \/>\nAm Sportplatz 3<br \/>\n64395 Brensbach<br \/>\nTel: 01 78 \/ 1 75 62 45<br \/>\nE-Mail: christian.senker[at]spd-brensbach.de<\/p>\n<h6>Verantwortlich f\u00fcr den Inhalt nach \u00a7 55 Abs. 2 RStV<\/h6>\n<p>Christian Senker<br \/>\nAm Sportplatz 3<br \/>\n64395 Brensbach<br \/>\nTel: 01 78 \/ 1 75 62 45<br \/>\nE-Mail: christian.senker[at]spd-brensbach.de<\/p>\n<p>Alle Texte, alle Fotos, alle Gestaltungselemente dieser Internetpr\u00e4senz sind \u2013 sofern nicht ein anderer Urheberrechtsinhaber (beziehungsweise Verwertungsberechtigter) angegeben ist \u2013 f\u00fcr den SPD Ortsverein Brensbach urheberrechtlich gesch\u00fctzt. Jede Verwertung ohne Zustimmung des Vorstandes des SPD Ortsvereins Brensbach ist unzul\u00e4ssig. Soweit als Urheberrechtsinhaber (beziehungsweise Verwertungsberechtigter) ein Dritter angegeben ist, m\u00fcssen die Verwertungsrechte vor entsprechender Nutzung von diesem erworben werden.<\/p>\n<p>Wir haben auf unseren Seiten Links zu anderen Seiten im Internet. F\u00fcr alle diese Links gilt, dass wir keinerlei Einfluss auf die Gestaltung und die Inhalte dieser Seiten haben. Deswegen \u00fcbernehmen wir auch keinerlei Verantwortung f\u00fcr Inhalt und Gestaltung dieser Seiten. Diese Erkl\u00e4rung gilt f\u00fcr alle auf unserer Internetpr\u00e4senz angezeigten Links und f\u00fcr alle Inhalte der Seiten, zu denen die bei uns angemeldeten Banner und Links f\u00fchren.<\/p>\n","protected":false},"excerpt":{"rendered":"<p>Angaben gem\u00e4\u00df \u00a7 5 TMG SPD Brensbach Sozialdemokratische Partei Deutschlands (SPD), Ortsverein Brensbach, vertreten durch den 1. Vorsitzenden Christian Senker Am Sportplatz 3 64395 Brensbach Tel: 01 78 \/ 1 75 62 45 E-Mail: christian.senker[at]spd-brensbach.de Verantwortlich f\u00fcr den Inhalt nach \u00a7 55 Abs. 2 RStV Christian Senker Am Sportplatz 3 64395 Brensbach Tel: 01 78 &hellip; <a href=\"https:\/\/www.spd-brensbach.de\/?page_id=9\" class=\"more-link\"><span class=\"screen-reader-text\">Impressum<\/span> weiterlesen <span class=\"meta-nav\">&rarr;<\/span><\/a><\/p>\n","protected":false},"author":2,"featured_media":0,"parent":0,"menu_order":2147483646,"comment_status":"open","ping_status":"open","template":"","meta":{"footnotes":""},"class_list":["post-9","page","type-page","status-publish","hentry"],"_links":{"self":[{"href":"https:\/\/www.spd-brensbach.de\/index.php?rest_route=\/wp\/v2\/pages\/9","targetHints":{"allow":["GET"]}}],"collection":[{"href":"https:\/\/www.spd-brensbach.de\/index.php?rest_route=\/wp\/v2\/pages"}],"about":[{"href":"https:\/\/www.spd-brensbach.de\/index.php?rest_route=\/wp\/v2\/types\/page"}],"author":[{"embeddable":true,"href":"https:\/\/www.spd-brensbach.de\/index.php?rest_route=\/wp\/v2\/users\/2"}],"replies":[{"embeddable":true,"href":"https:\/\/www.spd-brensbach.de\/index.php?rest_route=%2Fwp%2Fv2%2Fcomments&post=9"}],"version-history":[{"count":10,"href":"https:\/\/www.spd-brensbach.de\/index.php?rest_route=\/wp\/v2\/pages\/9\/revisions"}],"predecessor-version":[{"id":5751,"href":"https:\/\/www.spd-brensbach.de\/index.php?rest_route=\/wp\/v2\/pages\/9\/revisions\/5751"}],"wp:attachment":[{"href":"https:\/\/www.spd-brensbach.de\/index.php?rest_route=%2Fwp%2Fv2%2Fmedia&parent=9"}],"curies":[{"name":"wp","href":"https:\/\/api.w.org\/{rel}","templated":true}]}}